{"id":263,"date":"2024-03-04T15:58:03","date_gmt":"2024-03-04T14:58:03","guid":{"rendered":"https:\/\/www.dynamiqs.solidstate.ipb.ac.rs\/?page_id=263"},"modified":"2024-03-04T15:59:59","modified_gmt":"2024-03-04T14:59:59","slug":"jasmina-lazarevic","status":"publish","type":"page","link":"https:\/\/www.dynamiqs.solidstate.ipb.ac.rs\/index.php\/people\/jasmina-lazarevic\/","title":{"rendered":"Jasmina Lazarevic"},"content":{"rendered":"\t<section class=\"section\" id=\"section_1626225351\">\n\t\t<div class=\"bg section-bg fill bg-fill  bg-loaded\" >\n\n\t\t\t\n\t\t\t\n\t\t\t\n\n\t\t<\/div>\n\n\t\t\n\n\t\t<div class=\"section-content relative\">\n\t\t\t\n\n<div class=\"row\"  id=\"row-2070443395\">\n\n\n\t<div id=\"col-693841501\" class=\"col medium-4 small-12 large-4\"  >\n\t\t\t\t<div class=\"col-inner\"  >\n\t\t\t\n\t\t\t\n\n    <div class=\"box has-hover has-hover box-push box-text-bottom\" >\n\n                  <div class=\"box-image image-overlay-add\" >\n           <div class=\"box-image-inner image-cover\" style=\"padding-top:100%;\">\n              <img loading=\"lazy\" decoding=\"async\" width=\"500\" height=\"692\" src=\"https:\/\/www.dynamiqs.solidstate.ipb.ac.rs\/wp-content\/uploads\/2024\/02\/Jasmina_website.webp\" class=\"attachment- size-\" alt=\"\" srcset=\"https:\/\/www.dynamiqs.solidstate.ipb.ac.rs\/wp-content\/uploads\/2024\/02\/Jasmina_website.webp 500w, https:\/\/www.dynamiqs.solidstate.ipb.ac.rs\/wp-content\/uploads\/2024\/02\/Jasmina_website-217x300.webp 217w\" sizes=\"auto, (max-width: 500px) 100vw, 500px\" \/>              <div class=\"overlay\" style=\"background-color:rgba(0, 0, 0, 0.39)\"><\/div>           <\/div>\n          <\/div>\n         \n          <div class=\"box-text show-on-hover hover-bounce text-center\" style=\"padding:0px 0px 90px 0px;\">\n                <div class=\"box-text-inner\">\n                  <h4 class=\"uppercase\">\n                    <span class=\"person-name\"><\/span><br\/>\n                    <span class=\"person-title is-small thin-font op-7\">\n                      CONTACT                    <\/span>\n                  <\/h4>\n\t\t\t\t\t<div class=\"social-icons follow-icons\" ><a href=\"mailto:jasmina.lazarevic@ipb.ac.rs\" data-label=\"E-mail\" target=\"_blank\" class=\"icon button circle is-outline email tooltip\" title=\"Send us an email\" aria-label=\"Send us an email\" rel=\"nofollow noopener\" ><i class=\"icon-envelop\" ><\/i><\/a><\/div>\n\n\t<div id=\"stack-3402257903\" class=\"stack stack-row justify-center items-stretch\">\n\t\t\n\n\n\t<a class=\"plain\" href=\"https:\/\/scholar.google.com\/citations?user=CV9GpzAAAAAJ\" >\t<div class=\"icon-box featured-box icon-box-top text-left\"  style=\"margin:0px 0px 0px 0px;\">\n\t\t\t\t\t<div class=\"icon-box-img\" style=\"width: 27px\">\n\t\t\t\t<div class=\"icon\">\n\t\t\t\t\t<div class=\"icon-inner\" style=\"color:rgb(255, 255, 255);\">\n\t\t\t\t\t\t<?xml version=\"1.0\" encoding=\"UTF-8\"?>\n<!-- Uploaded to: SVG Repo, www.svgrepo.com, Transformed by: SVG Repo Mixer Tools -->\n<svg xmlns=\"http:\/\/www.w3.org\/2000\/svg\" aria-label=\"Google Scholar\" role=\"img\" viewBox=\"0 0 512 512\" width=\"800px\" height=\"800px\" fill=\"#000000\">\n  <g id=\"SVGRepo_bgCarrier\" stroke-width=\"0\"><\/g>\n  <g id=\"SVGRepo_tracerCarrier\" stroke-linecap=\"round\" stroke-linejoin=\"round\"><\/g>\n  <g id=\"SVGRepo_iconCarrier\">\n    <rect width=\"512\" height=\"512\" rx=\"15%\" fill=\"#a5a5a5\"><\/rect>\n    <path fill=\"#ffffff\" d=\"M213 111l-107 94h69c5 45 41 64 78 67-7 18-4 27 7 39-43 1-103 26-103 67 4 45 63 54 92 54 38 1 81-19 90-54 4-35-10-54-31-71-23-18-28-28-21-40 15-17 35-27 39-51 2-17-2-28-6-43l45-38-1 16c-3 2-5 6-5 9v103c2 13 22 11 23 0V160c0-3-2-7-5-8v-25l16-16zm58 141c-61 10-87-87-38-99 56-11 83 86 38 99zm-5 73c60 13 61 63 10 78-44 9-82-4-81-30 0-25 35-48 71-48z\"><\/path>\n  <\/g>\n<\/svg>\n\t\t\t\t\t<\/div>\n\t\t\t\t<\/div>\n\t\t\t<\/div>\n\t\t\t\t<div class=\"icon-box-text last-reset\">\n\t\t\t\t\t\t\t\t\t\n\n\t<div id=\"gap-582647074\" class=\"gap-element clearfix\" style=\"display:block; height:auto;\">\n\t\t\n<style>\n#gap-582647074 {\n  padding-top: 1px;\n}\n<\/style>\n\t<\/div>\n\t\n\n\n\t\t<\/div>\n\t<\/div>\n\t<\/a>\n\t\n\n\t<a class=\"plain\" href=\"https:\/\/orcid.org\/0000-0001-8980-1688\" >\t<div class=\"icon-box featured-box icon-box-top text-left\"  style=\"margin:0px 0px 0px 0px;\">\n\t\t\t\t\t<div class=\"icon-box-img\" style=\"width: 27px\">\n\t\t\t\t<div class=\"icon\">\n\t\t\t\t\t<div class=\"icon-inner\" style=\"color:rgb(165, 165, 165);\">\n\t\t\t\t\t\t<?xml version=\"1.0\" encoding=\"UTF-8\"?>\n<!-- Uploaded to: SVG Repo, www.svgrepo.com, Generator: SVG Repo Mixer Tools -->\n<svg xmlns=\"http:\/\/www.w3.org\/2000\/svg\" fill=\"#000000\" width=\"800px\" height=\"800px\" viewBox=\"0 0 24 24\" role=\"img\">\n  <title>ORCID icon<\/title>\n  <path d=\"M12 0C5.372 0 0 5.372 0 12s5.372 12 12 12 12-5.372 12-12S18.628 0 12 0zM7.369 4.378c.525 0 .947.431.947.947s-.422.947-.947.947a.95.95 0 0 1-.947-.947c0-.525.422-.947.947-.947zm-.722 3.038h1.444v10.041H6.647V7.416zm3.562 0h3.9c3.712 0 5.344 2.653 5.344 5.025 0 2.578-2.016 5.025-5.325 5.025h-3.919V7.416zm1.444 1.303v7.444h2.297c3.272 0 4.022-2.484 4.022-3.722 0-2.016-1.284-3.722-4.097-3.722h-2.222z\"><\/path>\n<\/svg>\n\t\t\t\t\t<\/div>\n\t\t\t\t<\/div>\n\t\t\t<\/div>\n\t\t\t\t<div class=\"icon-box-text last-reset\">\n\t\t\t\t\t\t\t\t\t\n\n\t<div id=\"gap-702979858\" class=\"gap-element clearfix\" style=\"display:block; height:auto;\">\n\t\t\n<style>\n#gap-702979858 {\n  padding-top: 1px;\n}\n<\/style>\n\t<\/div>\n\t\n\n\n\t\t<\/div>\n\t<\/div>\n\t<\/a>\n\t\n\n\t\t\n<style>\n#stack-3402257903 > * {\n  --stack-gap: 0.8rem;\n}\n<\/style>\n\t<\/div>\n\t\n\n                <\/div>\n          <\/div>\n    <\/div>\n\n\t\n    \n\n\t\t<\/div>\n\t\t\t\t\t<\/div>\n\n\t\n\n\t<div id=\"col-1139469195\" class=\"col medium-8 small-12 large-8 small-col-first\"  >\n\t\t\t\t<div class=\"col-inner\"  >\n\t\t\t\n\t\t\t\n\n\t<div id=\"text-2299768989\" class=\"text\">\n\t\t\n\n<h2 style=\"text-align: justify;\"><span style=\"font-size: 120%;\">Dr. Jasmina Lazarevi\u0107<\/span><\/h2>\n<h4 style=\"text-align: justify;\"><span style=\"font-size: 110%;\">Research Associate<\/span><\/h4>\n<p style=\"text-align: justify;\"><a href=\"http:\/\/solidstate.ipb.ac.rs\/\">Center for Solid State Physics and New Materials<\/a>, Institute of Physics Belgrade, University of Belgrade, Pregrevica 118, 11000 Belgrade, Serbia.<\/p>\n<h5 style=\"text-align: justify;\"><span style=\"font-size: 100%;\">Research field<\/span><\/h5>\n<p style=\"text-align: justify;\">Raman scattering of 2D-materials, Raman scattering in biotechnology, biomedicine, and pharmacy: Raman spectroscopy on a single-cell level, drug polymorphism and phase transitions in crystalline molecules of pharmacologically active compounds.<\/p>\n<h5 style=\"text-align: justify;\">Education<\/h5>\n<p style=\"text-align: justify;\"><span style=\"color: #5e5e5e;\"><strong>2013 \u2013 2021<\/strong><\/span> PhD Studies, Faculty of Technology and Metallurgy, University of Belgrade; Biochemical engineering and Biotechnology; Thesis: <em>Raman spectroscopy of pharmacologically active compounds and biocatalysts<\/em>; Supervisor: Dr. Branko Bugarski.<\/p>\n<p style=\"text-align: justify;\"><span style=\"color: #5e5e5e;\"><strong>2004 \u2013 2011<\/strong><\/span> MSc, Faculty of Pharmacy, University of Belgrade; Thesis: <em>Raman spectroscopy in analytical chemistry<\/em>; Supervisor: Dr. Milena Jeliki\u0107-Stankov.<\/p>\n\t\t\n<style>\n#text-2299768989 {\n  font-size: 0.8rem;\n}\n@media (min-width:550px) {\n  #text-2299768989 {\n    font-size: 0.9rem;\n  }\n}\n@media (min-width:850px) {\n  #text-2299768989 {\n    font-size: 1rem;\n  }\n}\n<\/style>\n\t<\/div>\n\t\n\n\t\t<\/div>\n\t\t\t\t\t<\/div>\n\n\t\n\n<\/div>\n<div class=\"row\"  id=\"row-570412379\">\n\n\n\t<div id=\"col-1196565157\" class=\"col small-12 large-12\"  >\n\t\t\t\t<div class=\"col-inner\"  >\n\t\t\t\n\t\t\t\n\n<h5 style=\"text-align: justify;\"><span style=\"font-size: 100%;\">Employment<\/span><\/h5>\n<p style=\"text-align: justify;\"><span style=\"color: #5e5e5e;\"><strong>2020 \u2013 present<\/strong><\/span> Research Associate, Center for Solid State Physics and New Materials, Institute of Physics, Belgrade, Serbia<\/p>\n<p style=\"text-align: justify;\"><strong><span style=\"color: #5e5e5e;\">2018 \u2013 2020<\/span><\/strong> Research Assistant, Center for Solid State Physics and New Materials, Institute of Physics, Belgrade, Serbia<\/p>\n<p style=\"text-align: justify;\"><span style=\"color: #5e5e5e;\"><strong>2013 \u2013 2018<\/strong><\/span> Research Assistant, University of Belgrade, Innovation Center, Faculty of Technology and Metallurgy, Serbia<\/p>\n<p style=\"text-align: justify;\"><strong><span style=\"color: #5e5e5e;\">2012 \u2013 2013<\/span><\/strong> Junior Teaching Assistant, University of Belgrade, Department of Analytical Chemistry, Faculty of Pharmacy, Serbia<\/p>\n<h5 style=\"text-align: justify;\">Projects<\/h5>\n<div class=\"accordion\">\n\n\t<div id=\"accordion-2813800814\" class=\"accordion-item\">\n\t\t<a id=\"accordion-2813800814-label\" class=\"accordion-title plain\" href=\"#accordion-item-national\" aria-expanded=\"false\" aria-controls=\"accordion-2813800814-content\" >\n\t\t\t<button class=\"toggle\" aria-label=\"Toggle\"><i class=\"icon-angle-down\"><\/i><\/button>\n\t\t\t<span>National<\/span>\n\t\t<\/a>\n\t\t<div id=\"accordion-2813800814-content\" class=\"accordion-inner\" aria-labelledby=\"accordion-2813800814-label\" >\n\t\t\t\n\n<p style=\"text-align: justify;\"><strong><span style=\"color: #5e5e5e;\">2024 -\u00a0 present<\/span><\/strong> Proof of concept, No. 0801-220\/1, within the internal call of the Institute of Physics Belgrade: <em>Non-invasive determination of cortisol from hair in chronic stress by Raman spectroscopy<\/em>, principal Investigator.<\/p>\n<p style=\"text-align: justify;\"><span style=\"color: #5e5e5e;\"><strong>2024 -\u00a0 present<\/strong><\/span> The Science Fund of the Republic of Serbia: Promis grant number: 10925 \u2013 <em>Dynamics of CDW transition in strained quasi-1D systems (DYNAMIQS).<\/em><\/p>\n<p style=\"text-align: justify;\"><strong><span style=\"color: #5e5e5e;\">2013 \u2013 2020<\/span> <\/strong><em>Novel encapsulation and enzyme technologies for designing of new biocatalysts and biologically active compounds targeting enhancement of food quality, safety and competitiveness<\/em>, funded by the Ministry of Education and Science of the Republic of Serbia<\/p>\n\n\t\t<\/div>\n\t<\/div>\n\t\n\t<div id=\"accordion-648473986\" class=\"accordion-item\">\n\t\t<a id=\"accordion-648473986-label\" class=\"accordion-title plain\" href=\"#accordion-item-international\" aria-expanded=\"false\" aria-controls=\"accordion-648473986-content\" >\n\t\t\t<button class=\"toggle\" aria-label=\"Toggle\"><i class=\"icon-angle-down\"><\/i><\/button>\n\t\t\t<span>International<\/span>\n\t\t<\/a>\n\t\t<div id=\"accordion-648473986-content\" class=\"accordion-inner\" aria-labelledby=\"accordion-648473986-label\" >\n\t\t\t\n\n<p style=\"text-align: justify;\"><span style=\"color: #5e5e5e;\"><strong>2018 \u2013 2019<\/strong><\/span> Horizon 2020: <em>Designing Advanced Functionalities through controlled NanoElement integration in OXide thin films <\/em>(DAFNEOX), 645658 Horizon 2020 EU project<\/p>\n<p style=\"text-align: justify;\"><span style=\"color: #5e5e5e;\"><strong>2016 \u2013 2018<\/strong><\/span> COST Action BM1401, <em>Biomedicine and Molecular Biosciences Raman-based applications for clinical diagnostics<\/em> <em>(Raman4clinics)<\/em><\/p>\n\n\t\t<\/div>\n\t<\/div>\n\t\n\n<\/div>\n\t<div id=\"gap-1399760421\" class=\"gap-element clearfix\" style=\"display:block; height:auto;\">\n\t\t\n<style>\n#gap-1399760421 {\n  padding-top: 30px;\n}\n<\/style>\n\t<\/div>\n\t\n\n<h5 style=\"text-align: justify;\"><span style=\"font-size: 100%;\">Awards<\/span><\/h5>\n<p style=\"text-align: justify;\"><strong>2019-2020<\/strong> Center for leadership development with financial support of Philip Morris Operations, award for realization of scientific project in the field of biomedical sciences and contribution to scientific development, as a team member: <em>Development of Raman spectroscopy method for estimation of mesenchymal stem cells\u2019 regenerative potential on a single cell level<\/em><\/p>\n<h5 style=\"text-align: justify;\">Selected publications<\/h5>\n<ol>\n<li style=\"text-align: justify;\">Kukolj T, <strong>Lazarevi\u0107 J<\/strong>, Borojevi\u0107 A, Ralevi\u0107 U, Vuji\u0107 D, Jaukovi\u0107 A, Lazarevi\u0107 N, Bugarski D.<em> A Single-Cell Raman Spectroscopy Analysis of Bone Marrow Mesenchymal Stem\/Stromal Cells to Identify Inter-Individual Diversity<\/em>. Int J Mol Sci. 2022 Apr 28;23(9):4915.<\/li>\n<li style=\"text-align: justify;\">Mravik, \u017d., Bajuk-Bogdanovi\u0107, D., Jovanovi\u0107, S., Rmu\u0161, J., Olejniczak, A., Mrakovi\u0107, A., <strong>Lazarevi\u0107, J.<\/strong>, Uskokovi\u0107-Markovi\u0107, S., Lazarevi\u0107, N., Skuratov, V., Jovanovi\u0107, Z. <em>Modification of Keggin anion structure with ion beams - A new spectroscopic insights into the effects of keV\u2010and MeV\u2010ion beam irradiation on 12\u2010tungstophosphoric acid.<\/em> J Raman Spectrosc 2022, 53(11), 1974-1984.<\/li>\n<li style=\"text-align: justify;\"><strong>Lazarevi\u0107 JJ<\/strong>, Ralevi\u0107 U, Kukolj T, Bugarski D, Lazarevi\u0107 N, Bugarski B, Popovi\u0107 ZV.<em> Influence of chemical fixation process on primary mesenchymal stem cells evidenced by Raman spectroscopy<\/em>. Spectrochim Acta A Mol Biomol Spectrosc. Vol 216, 2019, pp 173-178.<\/li>\n<li style=\"text-align: justify;\"><strong>Lazarevi\u0107 JJ<\/strong>, Kukolj T, Bugarski D, Lazarevi\u0107 N, Bugarski B, Popovi\u0107 ZV. . <em>Probing primary mesenchymal stem cells differentiation status by micro-Raman spectroscopy<\/em>. Spectrochim Acta A Mol Biomol Spectrosc. Vol 213, 2019, pp 384-390.<\/li>\n<li style=\"text-align: justify;\"><strong>Lazarevi\u0107 JJ<\/strong>, Uskokovi\u0107-Markovi\u0107 S, Jeliki\u0107-Stankov M, Radonji\u0107 M, Tanaskovi\u0107 D, Lazarevi\u0107 N, Popovi\u0107 ZV.<em> Intermolecular and low-frequency intramolecular Raman scattering study of racemic ibuprofen.<\/em> Spectrochim Acta A Mol Biomol Spectrosc. Vol 126, 2014, pp 301-305.<\/li>\n<\/ol>\n\n\t\t<\/div>\n\t\t\t\t\t<\/div>\n\n\t\n\n<\/div>\n\n\t\t<\/div>\n\n\t\t\n<style>\n#section_1626225351 {\n  padding-top: 80px;\n  padding-bottom: 80px;\n}\n<\/style>\n\t<\/section>\n\t\n","protected":false},"excerpt":{"rendered":"","protected":false},"author":1,"featured_media":0,"parent":57,"menu_order":0,"comment_status":"closed","ping_status":"closed","template":"","meta":{"inline_featured_image":false,"footnotes":""},"class_list":["post-263","page","type-page","status-publish","hentry"],"_links":{"self":[{"href":"https:\/\/www.dynamiqs.solidstate.ipb.ac.rs\/index.php\/wp-json\/wp\/v2\/pages\/263","targetHints":{"allow":["GET"]}}],"collection":[{"href":"https:\/\/www.dynamiqs.solidstate.ipb.ac.rs\/index.php\/wp-json\/wp\/v2\/pages"}],"about":[{"href":"https:\/\/www.dynamiqs.solidstate.ipb.ac.rs\/index.php\/wp-json\/wp\/v2\/types\/page"}],"author":[{"embeddable":true,"href":"https:\/\/www.dynamiqs.solidstate.ipb.ac.rs\/index.php\/wp-json\/wp\/v2\/users\/1"}],"replies":[{"embeddable":true,"href":"https:\/\/www.dynamiqs.solidstate.ipb.ac.rs\/index.php\/wp-json\/wp\/v2\/comments?post=263"}],"version-history":[{"count":2,"href":"https:\/\/www.dynamiqs.solidstate.ipb.ac.rs\/index.php\/wp-json\/wp\/v2\/pages\/263\/revisions"}],"predecessor-version":[{"id":268,"href":"https:\/\/www.dynamiqs.solidstate.ipb.ac.rs\/index.php\/wp-json\/wp\/v2\/pages\/263\/revisions\/268"}],"up":[{"embeddable":true,"href":"https:\/\/www.dynamiqs.solidstate.ipb.ac.rs\/index.php\/wp-json\/wp\/v2\/pages\/57"}],"wp:attachment":[{"href":"https:\/\/www.dynamiqs.solidstate.ipb.ac.rs\/index.php\/wp-json\/wp\/v2\/media?parent=263"}],"curies":[{"name":"wp","href":"https:\/\/api.w.org\/{rel}","templated":true}]}}