{"id":261,"date":"2024-03-04T15:57:35","date_gmt":"2024-03-04T14:57:35","guid":{"rendered":"https:\/\/www.dynamiqs.solidstate.ipb.ac.rs\/?page_id=261"},"modified":"2024-03-04T15:59:38","modified_gmt":"2024-03-04T14:59:38","slug":"ana-milosavljevic","status":"publish","type":"page","link":"https:\/\/www.dynamiqs.solidstate.ipb.ac.rs\/index.php\/people\/ana-milosavljevic\/","title":{"rendered":"Ana Milosavljevic"},"content":{"rendered":"\t<section class=\"section\" id=\"section_2093911072\">\n\t\t<div class=\"bg section-bg fill bg-fill  bg-loaded\" >\n\n\t\t\t\n\t\t\t\n\t\t\t\n\n\t\t<\/div>\n\n\t\t\n\n\t\t<div class=\"section-content relative\">\n\t\t\t\n\n<div class=\"row\"  id=\"row-1840924251\">\n\n\n\t<div id=\"col-976874484\" class=\"col medium-4 small-12 large-4\"  >\n\t\t\t\t<div class=\"col-inner\"  >\n\t\t\t\n\t\t\t\n\n    <div class=\"box has-hover has-hover box-push box-text-bottom\" >\n\n                  <div class=\"box-image image-overlay-add\" >\n           <div class=\"box-image-inner image-cover\" style=\"padding-top:100%;\">\n              <img loading=\"lazy\" decoding=\"async\" width=\"500\" height=\"692\" src=\"https:\/\/www.dynamiqs.solidstate.ipb.ac.rs\/wp-content\/uploads\/2024\/02\/Ana_website.webp\" class=\"attachment- size-\" alt=\"\" srcset=\"https:\/\/www.dynamiqs.solidstate.ipb.ac.rs\/wp-content\/uploads\/2024\/02\/Ana_website.webp 500w, https:\/\/www.dynamiqs.solidstate.ipb.ac.rs\/wp-content\/uploads\/2024\/02\/Ana_website-217x300.webp 217w\" sizes=\"auto, (max-width: 500px) 100vw, 500px\" \/>              <div class=\"overlay\" style=\"background-color:rgba(0, 0, 0, 0.39)\"><\/div>           <\/div>\n          <\/div>\n         \n          <div class=\"box-text show-on-hover hover-bounce text-center\" style=\"padding:0px 0px 90px 0px;\">\n                <div class=\"box-text-inner\">\n                  <h4 class=\"uppercase\">\n                    <span class=\"person-name\"><\/span><br\/>\n                    <span class=\"person-title is-small thin-font op-7\">\n                      CONTACT                    <\/span>\n                  <\/h4>\n\t\t\t\t\t<div class=\"social-icons follow-icons\" ><a href=\"mailto:ana.milosavljevic@ipb.ac.rs\" data-label=\"E-mail\" target=\"_blank\" class=\"icon button circle is-outline email tooltip\" title=\"Send us an email\" aria-label=\"Send us an email\" rel=\"nofollow noopener\" ><i class=\"icon-envelop\" ><\/i><\/a><\/div>\n\n\t<div id=\"stack-3911545882\" class=\"stack stack-row justify-center items-stretch\">\n\t\t\n\n\n\t<a class=\"plain\" href=\"https:\/\/scholar.google.com\/citations?user=vk9Y5aEAAAAJ\" >\t<div class=\"icon-box featured-box icon-box-top text-left\"  style=\"margin:0px 0px 0px 0px;\">\n\t\t\t\t\t<div class=\"icon-box-img\" style=\"width: 27px\">\n\t\t\t\t<div class=\"icon\">\n\t\t\t\t\t<div class=\"icon-inner\" style=\"color:rgb(255, 255, 255);\">\n\t\t\t\t\t\t<?xml version=\"1.0\" encoding=\"UTF-8\"?>\n<!-- Uploaded to: SVG Repo, www.svgrepo.com, Transformed by: SVG Repo Mixer Tools -->\n<svg xmlns=\"http:\/\/www.w3.org\/2000\/svg\" aria-label=\"Google Scholar\" role=\"img\" viewBox=\"0 0 512 512\" width=\"800px\" height=\"800px\" fill=\"#000000\">\n  <g id=\"SVGRepo_bgCarrier\" stroke-width=\"0\"><\/g>\n  <g id=\"SVGRepo_tracerCarrier\" stroke-linecap=\"round\" stroke-linejoin=\"round\"><\/g>\n  <g id=\"SVGRepo_iconCarrier\">\n    <rect width=\"512\" height=\"512\" rx=\"15%\" fill=\"#a5a5a5\"><\/rect>\n    <path fill=\"#ffffff\" d=\"M213 111l-107 94h69c5 45 41 64 78 67-7 18-4 27 7 39-43 1-103 26-103 67 4 45 63 54 92 54 38 1 81-19 90-54 4-35-10-54-31-71-23-18-28-28-21-40 15-17 35-27 39-51 2-17-2-28-6-43l45-38-1 16c-3 2-5 6-5 9v103c2 13 22 11 23 0V160c0-3-2-7-5-8v-25l16-16zm58 141c-61 10-87-87-38-99 56-11 83 86 38 99zm-5 73c60 13 61 63 10 78-44 9-82-4-81-30 0-25 35-48 71-48z\"><\/path>\n  <\/g>\n<\/svg>\n\t\t\t\t\t<\/div>\n\t\t\t\t<\/div>\n\t\t\t<\/div>\n\t\t\t\t<div class=\"icon-box-text last-reset\">\n\t\t\t\t\t\t\t\t\t\n\n\t<div id=\"gap-1639343659\" class=\"gap-element clearfix\" style=\"display:block; height:auto;\">\n\t\t\n<style>\n#gap-1639343659 {\n  padding-top: 1px;\n}\n<\/style>\n\t<\/div>\n\t\n\n\n\t\t<\/div>\n\t<\/div>\n\t<\/a>\n\t\n\n\t<a class=\"plain\" href=\"https:\/\/orcid.org\/0000-0002-8654-0475\" >\t<div class=\"icon-box featured-box icon-box-top text-left\"  style=\"margin:0px 0px 0px 0px;\">\n\t\t\t\t\t<div class=\"icon-box-img\" style=\"width: 27px\">\n\t\t\t\t<div class=\"icon\">\n\t\t\t\t\t<div class=\"icon-inner\" style=\"color:rgb(165, 165, 165);\">\n\t\t\t\t\t\t<?xml version=\"1.0\" encoding=\"UTF-8\"?>\n<!-- Uploaded to: SVG Repo, www.svgrepo.com, Generator: SVG Repo Mixer Tools -->\n<svg xmlns=\"http:\/\/www.w3.org\/2000\/svg\" fill=\"#000000\" width=\"800px\" height=\"800px\" viewBox=\"0 0 24 24\" role=\"img\">\n  <title>ORCID icon<\/title>\n  <path d=\"M12 0C5.372 0 0 5.372 0 12s5.372 12 12 12 12-5.372 12-12S18.628 0 12 0zM7.369 4.378c.525 0 .947.431.947.947s-.422.947-.947.947a.95.95 0 0 1-.947-.947c0-.525.422-.947.947-.947zm-.722 3.038h1.444v10.041H6.647V7.416zm3.562 0h3.9c3.712 0 5.344 2.653 5.344 5.025 0 2.578-2.016 5.025-5.325 5.025h-3.919V7.416zm1.444 1.303v7.444h2.297c3.272 0 4.022-2.484 4.022-3.722 0-2.016-1.284-3.722-4.097-3.722h-2.222z\"><\/path>\n<\/svg>\n\t\t\t\t\t<\/div>\n\t\t\t\t<\/div>\n\t\t\t<\/div>\n\t\t\t\t<div class=\"icon-box-text last-reset\">\n\t\t\t\t\t\t\t\t\t\n\n\t<div id=\"gap-1833457245\" class=\"gap-element clearfix\" style=\"display:block; height:auto;\">\n\t\t\n<style>\n#gap-1833457245 {\n  padding-top: 1px;\n}\n<\/style>\n\t<\/div>\n\t\n\n\n\t\t<\/div>\n\t<\/div>\n\t<\/a>\n\t\n\n\t\t\n<style>\n#stack-3911545882 > * {\n  --stack-gap: 0.8rem;\n}\n<\/style>\n\t<\/div>\n\t\n\n                <\/div>\n          <\/div>\n    <\/div>\n\n\t\n    \n\n\t\t<\/div>\n\t\t\t\t\t<\/div>\n\n\t\n\n\t<div id=\"col-1482953363\" class=\"col medium-8 small-12 large-8 small-col-first\"  >\n\t\t\t\t<div class=\"col-inner\"  >\n\t\t\t\n\t\t\t\n\n\t<div id=\"text-2902912428\" class=\"text\">\n\t\t\n\n<h2><span style=\"font-size: 120%;\">Dr. Ana Milosavljevi\u0107<\/span><\/h2>\n<h4><span style=\"font-size: 110%;\">Research Associate, Principal Investigator<\/span><\/h4>\n<p style=\"text-align: justify;\"><a href=\"http:\/\/solidstate.ipb.ac.rs\/people\/\">Center for Solid State Physics and New Materials<\/a>, Institute of Physics Belgrade, University of Belgrade, Pregrevica 118, 11000 Belgrade, Serbia.<\/p>\n<h5><span style=\"font-size: 100%;\">Research field<\/span><\/h5>\n<p style=\"text-align: justify;\">Raman scattering of strongly correlated electron systems: Iron-based superconductors; (Quasi) low- dimensional materials; \u00a0Raman scattering of nano-sized materials.<\/p>\n<h5>Education<\/h5>\n<p style=\"text-align: justify;\"><span style=\"color: #5e5e5e;\"><strong>2013 \u2013 2021<\/strong><\/span> PhD Studies, Faculty of Physics University of Belgrade, Condensed Matter Physics and Statistical Physics; Thesis: <em>Electron phonon and spin-phonon interaction in iron-based superconductors and quasi-2D materials<\/em>; Supervisor: <a href=\"http:\/\/solidstate.ipb.ac.rs\/people\/nenad-lazarevic\/\">Dr Nenad Lazarevi\u0107<\/a>.<\/p>\n<p style=\"text-align: justify;\"><span style=\"color: #5e5e5e;\"><strong>2010 \u2013 2013<\/strong><\/span> MSc, Faculty of Physics University of Belgrade, Theoretical and Experimental Physics; Thesis:<em> Vibrational Properties of ZnO Nanotubes<\/em>; Supervisor: Dr Edib Dobard\u017ei\u0107.<\/p>\n\t\t\n<style>\n#text-2902912428 {\n  font-size: 0.8rem;\n}\n@media (min-width:550px) {\n  #text-2902912428 {\n    font-size: 0.9rem;\n  }\n}\n@media (min-width:850px) {\n  #text-2902912428 {\n    font-size: 1rem;\n  }\n}\n<\/style>\n\t<\/div>\n\t\n\n\t\t<\/div>\n\t\t\t\t\t<\/div>\n\n\t\n\n<\/div>\n<div class=\"row\"  id=\"row-1473923508\">\n\n\n\t<div id=\"col-1018893792\" class=\"col small-12 large-12\"  >\n\t\t\t\t<div class=\"col-inner\"  >\n\t\t\t\n\t\t\t\n\n<h5 style=\"text-align: justify;\"><span style=\"font-size: 100%;\">Employment<\/span><\/h5>\n<p style=\"text-align: justify;\"><strong>2021 - present<\/strong> Research Associate, Center for Solid State Physics and New Materials, Institute of Physics, Belgrade, Serbia<br \/><strong>2018 - 2021<\/strong> Research Assistant, Center for Solid State Physics and New Materials, Institute of Physics, Belgrade, Serbia<br \/><strong>2015 - 2018<\/strong> Junior Research Assistant, Center for Solid State Physics and New Materials, Institute of Physics, Belgrade, Serbia<\/p>\n<h5 style=\"text-align: justify;\">Projects<\/h5>\n<div class=\"accordion\">\n\n\t<div id=\"accordion-753460237\" class=\"accordion-item\">\n\t\t<a id=\"accordion-753460237-label\" class=\"accordion-title plain\" href=\"#accordion-item-national\" aria-expanded=\"false\" aria-controls=\"accordion-753460237-content\" >\n\t\t\t<button class=\"toggle\" aria-label=\"Toggle\"><i class=\"icon-angle-down\"><\/i><\/button>\n\t\t\t<span>National<\/span>\n\t\t<\/a>\n\t\t<div id=\"accordion-753460237-content\" class=\"accordion-inner\" aria-labelledby=\"accordion-753460237-label\" >\n\t\t\t\n\n<p style=\"text-align: justify;\"><strong>2024 - present<\/strong> The Science Fund of the Republic of Serbia: Promis 2023 grant number: 10925 \u2013 <em>Dynamics of CDW transition in strained quasi-1D systems (DYNAMIQS)<\/em>.<\/p>\n<p style=\"text-align: justify;\"><strong>2020 - 2022<\/strong> The Science Fund of the Republic of Serbia: Promis grant number: 6062656 \u2013 <em>Strain effects in iron chalcogenide superconductors (StrainedFeSC).<\/em><\/p>\n<p style=\"text-align: justify;\"><strong>2018 \u2013 2020<\/strong> <em>Nanostructured multifunctional materials and nanocomposites<\/em> III450018, funded the Ministry of Education and Science of the Republic of Serbia.<\/p>\n<p style=\"text-align: justify;\"><strong>2015 \u2013 2017<\/strong> <em>Physics of nanostructured oxide materials and strongly correlated systems<\/em> ON 171032, funded by the Ministry of Education and Science of the Republic of Serbia.<\/p>\n\n\t\t<\/div>\n\t<\/div>\n\t\n\t<div id=\"accordion-3604197420\" class=\"accordion-item\">\n\t\t<a id=\"accordion-3604197420-label\" class=\"accordion-title plain\" href=\"#accordion-item-international\" aria-expanded=\"false\" aria-controls=\"accordion-3604197420-content\" >\n\t\t\t<button class=\"toggle\" aria-label=\"Toggle\"><i class=\"icon-angle-down\"><\/i><\/button>\n\t\t\t<span>International<\/span>\n\t\t<\/a>\n\t\t<div id=\"accordion-3604197420-content\" class=\"accordion-inner\" aria-labelledby=\"accordion-3604197420-label\" >\n\t\t\t\n\n<p style=\"text-align: justify;\"><strong>2024 \u2013 present<\/strong> <em>Tuning Superconductivity and Neighboring Phases in Iron-Arsenide Compounds through Uniaxial Strain<\/em>, Common project with Leibniz Institute for Solid State Physics and Materials Research, Dresden, Germany.<\/p>\n<p style=\"text-align: justify;\"><strong>2019 \u2013\u00a0 2020<\/strong> <em>Fluctuations, magnetic frustrations and sub-dominant pairing in iron based <\/em><em>superconductors,<\/em>\u00a0 Common project with Walther-Mei\u00dfner\u00a0 Institute, Germany.<\/p>\n<p style=\"text-align: justify;\"><strong>2017 \u2013 2020<\/strong> <em>Raman scattering and photoluminescence study of laser modified nanocrystalline ZnO thin films suitable for sensor applications<\/em>, Common project of\u00a0 SANU and Bulgarian Academy of Science.<\/p>\n<p style=\"text-align: justify;\"><strong>2015 \u2013 2019 <\/strong><em>Horizon 2020: Designing Advanced Functionalities through controlled NanoElement integration in OXide thin films (DAFNEOX)<\/em>, 645658 Horizon 2020 EU project.<\/p>\n<p style=\"text-align: justify;\"><strong>2017 \u2013 2018<\/strong> <em>Spin- and Charge Instabilities in Sulfur-substituted FeSe<\/em>, Common project with Walther- Mei\u00dfner Institute, Germany.<\/p>\n<p style=\"text-align: justify;\"><strong>2016 \u2013 2017<\/strong><em> Interplay between superconductivity, phase separation and magnetism in alkali doped iron selenides<\/em>, Common project with Department of Physics, Renmin University of Beijing, China.<\/p>\n<p style=\"text-align: justify;\"><strong>2016 \u2013 2018<\/strong> Scientific and technological cooperation between the University of Rome \"La Sapienza\" and the University of Belgrade in the field of cultural heritage project of bilateral cooperation with Italy.<\/p>\n<p style=\"text-align: justify;\"><strong>2016 \u2013 2017<\/strong> <em>Orbital-dependent correlation effects and phase relations in alkali-doped iron selenide superconductors<\/em>, Common project with Institute of physics, University of Augsburg, Germany.<\/p>\n<p style=\"text-align: justify;\"><strong>2015 \u2013 2016<\/strong> <em>Competition between s-wave and d-wave pairing channels and Fe-vacancy ordering in tetragonal <span style=\"font-size: 110%;\">\u03b2-Fe<\/span><span style=\"font-size: 75%;\">1+x<\/span><span style=\"font-size: 110%;\">Se<\/span><span style=\"font-size: 75%;\">x<\/span><\/em>, Common project with Walther Mei\u00dfner Institute, Germany.<\/p>\n\n\t\t<\/div>\n\t<\/div>\n\t\n\n<\/div>\n\t<div id=\"gap-476733250\" class=\"gap-element clearfix\" style=\"display:block; height:auto;\">\n\t\t\n<style>\n#gap-476733250 {\n  padding-top: 30px;\n}\n<\/style>\n\t<\/div>\n\t\n\n<h5 style=\"text-align: justify;\"><span style=\"font-size: 100%;\">Awards<\/span><\/h5>\n<p style=\"text-align: justify;\"><strong>2022<\/strong> Student Prize for the best doctoral thesis completed at the IPB and defended in the previous year.<\/p>\n<h5 style=\"text-align: justify;\">Selected publications<\/h5>\n<ol style=\"text-align: justify;\">\n<li>N. Lazarevi\u0107, A. Baum, <strong>A. Milosavljevi\u0107<\/strong>, L. Peis, R. Stumberger, J. Bekaert, A. \u0160olaji\u0107, J. Pe\u0161i\u0107, Aifeng Wang, M. \u0160\u0107epanovi\u0107, A. M. Milinda Abeykoon, M. V. Milo\u0161evi\u0107, C. Petrovic, Z. V. Popovi\u0107, and R. Hackl, \u201c<em>Evolution of lattice, spin, and charge properties across the phase diagram of FeSe<span style=\"font-size: 75%;\">1\u2212x<\/span>S<span style=\"font-size: 75%;\">x<\/span><\/em>\u201d, Phys. Rev. B 106, 094510 (2022).<\/li>\n<li>A. Wang, <strong>A. Milosavljevic<\/strong>, A. M. M. Abeykoon, V. Ivanovski, Q. Du, A. Baum, E. Stavitski, Y. Liu, N. Lazarevic, K. Attenkofer, R. Hackl, Z. Popovic, and C. Petrovic, \u201c<em>Suppression of Superconductivity and Nematic Order in Fe<span style=\"font-size: 75%;\">1\u2013y<\/span>Se<span style=\"font-size: 75%;\">1\u2013x<\/span>S<span style=\"font-size: 75%;\">x<\/span> (0 \u2264 x \u2264 1; y \u2264 0.1) Crystals by Anion Height Disorder<\/em>\u201d, Inorganic Chemistry 61 (2022).<\/li>\n<li><strong>A. Milosavljevi\u0107<\/strong>, A. \u0160olaji\u0107, S. Djurdji\u0107-Mijin, J. Pe\u0161i\u0107, B. Vi\u0161i\u0107, Yu Liu (\u5218\u80b2), C. Petrovic, N. Lazarevi\u0107, and Z. V. Popovi\u0107, \u201c<em>Lattice dynamics and phase transitions in Fe<span style=\"font-size: 75%;\">3\u2212x<\/span>GeTe<\/em>\u201d, Phys. Rev. B 99 (2019).<\/li>\n<li>A. Baum, <strong>A. Milosavljevi\u0107<\/strong>, N. Lazarevi\u0107, M.M. Radonji\u0107, B. Nikoli\u0107, M. Mitschek, Z. Inanloo Maranloo, M. \u0160\u0107epanovi\u0107, M. Gruji\u0107-Broj\u010din, N. Stojilovi\u0107, M. Opel, A. Wang, C. Petrovic, Z.V. Popovi\u0107, R. Hackl, \u201c<em>Phonon anomalies in FeS<\/em>\u201d, Phys. Rev. B 97 (2018).<\/li>\n<li><strong>A. Milosavljevi\u0107<\/strong>, A. \u0160olaji\u0107, J. Pe\u0161i\u0107, Yu Liu, C. Petrovic, N. Lazarevi\u0107, Z.V. Popovi\u0107, \u201c<em>Evidence of spin-phonon coupling in CrSiTe<span style=\"font-size: 75%;\">3<\/span><\/em>\u201d, Phys. Rev. B 98, 104306 (2018).<\/li>\n<\/ol>\n<h5 style=\"text-align: justify;\">Student Advising<\/h5>\n<p style=\"text-align: justify;\"><strong>2022 \u2013 present<\/strong> Tea Belojica, PhD student, Faculty of Physics, University of Belgrade.<br \/><strong>2021<\/strong> Tea Belojica, Master Thesis, Faculty of Physics, University of Belgrade.<\/p>\n\n\t\t<\/div>\n\t\t\t\t\t<\/div>\n\n\t\n\n<\/div>\n\n\t\t<\/div>\n\n\t\t\n<style>\n#section_2093911072 {\n  padding-top: 80px;\n  padding-bottom: 80px;\n}\n<\/style>\n\t<\/section>\n\t\n","protected":false},"excerpt":{"rendered":"","protected":false},"author":1,"featured_media":0,"parent":57,"menu_order":0,"comment_status":"closed","ping_status":"closed","template":"","meta":{"inline_featured_image":false,"footnotes":""},"class_list":["post-261","page","type-page","status-publish","hentry"],"_links":{"self":[{"href":"https:\/\/www.dynamiqs.solidstate.ipb.ac.rs\/index.php\/wp-json\/wp\/v2\/pages\/261","targetHints":{"allow":["GET"]}}],"collection":[{"href":"https:\/\/www.dynamiqs.solidstate.ipb.ac.rs\/index.php\/wp-json\/wp\/v2\/pages"}],"about":[{"href":"https:\/\/www.dynamiqs.solidstate.ipb.ac.rs\/index.php\/wp-json\/wp\/v2\/types\/page"}],"author":[{"embeddable":true,"href":"https:\/\/www.dynamiqs.solidstate.ipb.ac.rs\/index.php\/wp-json\/wp\/v2\/users\/1"}],"replies":[{"embeddable":true,"href":"https:\/\/www.dynamiqs.solidstate.ipb.ac.rs\/index.php\/wp-json\/wp\/v2\/comments?post=261"}],"version-history":[{"count":2,"href":"https:\/\/www.dynamiqs.solidstate.ipb.ac.rs\/index.php\/wp-json\/wp\/v2\/pages\/261\/revisions"}],"predecessor-version":[{"id":267,"href":"https:\/\/www.dynamiqs.solidstate.ipb.ac.rs\/index.php\/wp-json\/wp\/v2\/pages\/261\/revisions\/267"}],"up":[{"embeddable":true,"href":"https:\/\/www.dynamiqs.solidstate.ipb.ac.rs\/index.php\/wp-json\/wp\/v2\/pages\/57"}],"wp:attachment":[{"href":"https:\/\/www.dynamiqs.solidstate.ipb.ac.rs\/index.php\/wp-json\/wp\/v2\/media?parent=261"}],"curies":[{"name":"wp","href":"https:\/\/api.w.org\/{rel}","templated":true}]}}